{"id":114,"date":"2013-11-06T11:55:36","date_gmt":"2013-11-06T11:55:36","guid":{"rendered":"http:\/\/c2230878.ferozo.com\/diamonds\/?page_id=2"},"modified":"2024-06-15T01:18:29","modified_gmt":"2024-06-15T01:18:29","slug":"pagina-diamonds","status":"publish","type":"page","link":"http:\/\/juandiego.ar\/diamonds\/","title":{"rendered":"Diamonds"},"content":{"rendered":"<blockquote>\n<p>Ll\u00e9valos, que esos recuerdos ya no son. <br \/>Todo aquello que compr\u00e9 ya no vale nada sin tu amor. <br \/>Para vos fueron todo lo que soy, valieron mucho m\u00e1s que yo. <br \/>S\u00e9 cuando me aman sin amor.<\/p>\n<p>Llevate lo que quieras de m\u00ed, espero que puedas ser feliz, <br \/>me muestres lo poco que importo, lo poco que importo, lo poco que importo. <br \/>So\u00f1\u00e1s con brillo y oro, vendiste mi coraz\u00f3n. <br \/>Te muestro qu\u00e9 poco me importa, qu\u00e9 poco me importa, qu\u00e9 poco me importa.<\/p>\n<p><strong>Mis diamantes se van con vos. <\/strong><br \/><strong>Nunca me ver\u00e1s quebrarme, <\/strong><strong>nunca me ver\u00e1s llorarte, <\/strong><strong>fuiste tan cruel. <\/strong><br \/><strong>Mis diamantes se van con vos. <\/strong><br \/><strong>Lo material no lograr\u00e1 enga\u00f1arme, <\/strong><strong>si no est\u00e1s puedo liberarme, <\/strong><strong>siempre supe ver. <\/strong><br \/><strong>Mis diamantes se van con vos.<\/strong><\/p>\n<p>Shake it off, shake the fear of feeling lost. <br \/>Always me that pays the cost, I should never trust so easily. <br \/>You lied to me, li- lied to me, then left with my heart &#8216;round your chest.<\/p>\n<p>Take all the money you want from me, hope you become what you want to be. <br \/>Show me how little you care, how little you care, how little you care. <br \/>You dream of glitter and gold, my heart&#8217;s already been sold. <br \/>Show you how little I care, how little I care, how little I care.<\/p>\n<p><strong>My diamonds leave with you. <\/strong><br \/><strong>You&#8217;re never gonna hear my hear my heart break, never gonna move in dark ways. <\/strong><br \/><strong>Baby you&#8217;re so cruel. <\/strong><br \/><strong>My diamonds leave with you. <\/strong><br \/><strong>Material love won&#8217;t fool me, when you&#8217;re not here I can breathe, think I always knew. <\/strong><br \/><strong>My diamonds leave with you.<\/strong> <br \/>Uoh-oh-oh, Uoh-oh-oh-oh, <br \/>Always knew, my diamonds leave with you. <br \/>Uoh-oh-oh, Uoh-oh-oh-oh, Always knew.<\/p>\n<p><strong><em>You&#8217;re never gonna hear my hear my heart break, never gonna move in dark ways. <\/em><\/strong><br \/><strong><em>Baby you&#8217;re so cruel. My diamonds leave with you. <\/em><\/strong><br \/><strong><em>Material love won&#8217;t fool me, when you&#8217;re not here I can breathe, think I always knew. <\/em><\/strong><br \/><strong><em>My diamonds leave with you.<\/em><\/strong><\/p>\n<p>My diamonds leave with you. <br \/>Mis diamantes se van con vos. <br \/>Uoh-oh-oh, Uoh-oh-oh-oh, con vos. <br \/>My diamonds leave with you.<\/p>\n<\/blockquote>\n\n\n<p><\/p>\n\n\n\n<p><\/p>\n\n\n\n<p><em>Canci\u00f3n original<\/em>: <a data-type=\"URL\" data-id=\"https:\/\/instagram.com\/samsmith\" href=\"https:\/\/instagram.com\/samsmith\" target=\"_blank\" rel=\"noreferrer noopener\">Sam Smith<\/a>.<br><em>Producci\u00f3n y programaci\u00f3n<\/em>: <a href=\"https:\/\/instagram.com\/andolfi\" target=\"_blank\" rel=\"noopener\" title=\"\">Cristian Andolfi<\/a>.<br><em>Mezcla y Mastering<\/em>: <a data-type=\"URL\" data-id=\"https:\/\/instagram.com\/tomasvigo\" href=\"https:\/\/instagram.com\/tomasvigo\" target=\"_blank\" rel=\"noreferrer noopener\">Tom\u00e1s Vigo<\/a>. <br><em>Estudio<\/em>: <a data-type=\"URL\" data-id=\"instagram.com\/estudioeclectic\" href=\"http:\/\/instagram.com\/estudioeclectic\" target=\"_blank\" rel=\"noreferrer noopener\">Eclectic Music Studio<\/a>.<\/p>\n\n\n\n<p class=\"has-huge-font-size\"><\/p>\n\n\n\n<figure class=\"wp-block-embed aligncenter is-type-video is-provider-youtube wp-block-embed-youtube wp-embed-aspect-16-9 wp-has-aspect-ratio\"><div class=\"wp-block-embed__wrapper\">\n<iframe loading=\"lazy\" title=\"Diamonds - Juan Diego (Official Pseudo Video)\" width=\"920\" height=\"518\" src=\"https:\/\/www.youtube.com\/embed\/AcoJFDnKv_I?feature=oembed\" frameborder=\"0\" allow=\"accelerometer; autoplay; clipboard-write; encrypted-media; gyroscope; picture-in-picture\" allowfullscreen><\/iframe>\n<\/div><\/figure>\n\n\n\n<p class=\"has-text-align-center has-huge-font-size\">&#x1f48e;<\/p>\n","protected":false},"excerpt":{"rendered":"<p>Ll\u00e9valos, que esos recuerdos ya no son. Todo aquello que compr\u00e9 ya no vale nada sin tu amor. Para vos<\/p>\n<p><span class=\"more-link\"><a href=\"http:\/\/juandiego.ar\/diamonds\/\" class=\"readmore\">Seguir leyendo<span class=\"screen-reader-text\">Diamonds<\/span><\/a><\/span><\/p>\n","protected":false},"author":2,"featured_media":9,"parent":0,"menu_order":0,"comment_status":"closed","ping_status":"open","template":"templates\/full-width-page.php","meta":{"_monsterinsights_skip_tracking":false,"_monsterinsights_sitenote_active":false,"_monsterinsights_sitenote_note":"","_monsterinsights_sitenote_category":0,"footnotes":""},"class_list":["post-114","page","type-page","status-publish","has-post-thumbnail","hentry"],"aioseo_notices":[],"_links":{"self":[{"href":"http:\/\/juandiego.ar\/diamonds\/wp-json\/wp\/v2\/pages\/114","targetHints":{"allow":["GET"]}}],"collection":[{"href":"http:\/\/juandiego.ar\/diamonds\/wp-json\/wp\/v2\/pages"}],"about":[{"href":"http:\/\/juandiego.ar\/diamonds\/wp-json\/wp\/v2\/types\/page"}],"author":[{"embeddable":true,"href":"http:\/\/juandiego.ar\/diamonds\/wp-json\/wp\/v2\/users\/2"}],"replies":[{"embeddable":true,"href":"http:\/\/juandiego.ar\/diamonds\/wp-json\/wp\/v2\/comments?post=114"}],"version-history":[{"count":2,"href":"http:\/\/juandiego.ar\/diamonds\/wp-json\/wp\/v2\/pages\/114\/revisions"}],"predecessor-version":[{"id":196,"href":"http:\/\/juandiego.ar\/diamonds\/wp-json\/wp\/v2\/pages\/114\/revisions\/196"}],"wp:featuredmedia":[{"embeddable":true,"href":"http:\/\/juandiego.ar\/diamonds\/wp-json\/wp\/v2\/media\/9"}],"wp:attachment":[{"href":"http:\/\/juandiego.ar\/diamonds\/wp-json\/wp\/v2\/media?parent=114"}],"curies":[{"name":"wp","href":"https:\/\/api.w.org\/{rel}","templated":true}]}}