{"id":50,"date":"2022-03-30T22:14:30","date_gmt":"2022-03-30T22:14:30","guid":{"rendered":"http:\/\/c2230878.ferozo.com\/diamonds\/?page_id=50"},"modified":"2022-05-20T04:52:30","modified_gmt":"2022-05-20T04:52:30","slug":"sobre-mi","status":"publish","type":"page","link":"http:\/\/juandiego.ar\/diamonds\/sobre-mi\/","title":{"rendered":"Sobre m\u00ed"},"content":{"rendered":"\n<p><strong>Juan Diego es un artista oriundo de la ciudad de Tandil, en Buenos Aires, Argentina. <br>Mis influencias son rock y pop internacional (principalmente europeo).<\/strong><br><sup>(<em><a href=\"https:\/\/open.spotify.com\/artist\/6Qc94Dr3wTfD2t7a7xdpfq\" target=\"_blank\" rel=\"noreferrer noopener\">Spotify<\/a><\/em>)<\/sup><\/p>\n\n\n\n<p>Como a pr\u00e1cticamente todo ni\u00f1o, desde peque\u00f1o me interesaba la m\u00fasica. Y aunque la vida me llev\u00f3 por otros rumbos, de adulto inevitablemente resurgi\u00f3 el anhelo de buscar alivio, paz, y salud a trav\u00e9s de cantar.<\/p>\n\n\n\n<p>Los invito a que me sigan y me busquen y suscriban a mis <a href=\".\/\">redes<\/a> para m\u00e1s informaci\u00f3n!<\/p>\n\n\n\n<p>M\u00ed primer single,\u00a0<a href=\"\/diamonds\" title=\"Diamonds\">Diamonds<\/a>, ya est\u00e1 disponible para que lo escuchen.<br>Pronto m\u00e1s covers y la primer canci\u00f3n de mi autor\u00eda.<\/p>\n","protected":false},"excerpt":{"rendered":"<p>Juan Diego es un artista oriundo de la ciudad de Tandil, en Buenos Aires, Argentina. Mis influencias son rock y<\/p>\n<p><span class=\"more-link\"><a href=\"http:\/\/juandiego.ar\/diamonds\/sobre-mi\/\" class=\"readmore\">Seguir leyendo<span class=\"screen-reader-text\">Sobre m\u00ed<\/span><\/a><\/span><\/p>\n","protected":false},"author":2,"featured_media":113,"parent":0,"menu_order":0,"comment_status":"closed","ping_status":"closed","template":"templates\/full-width-page.php","meta":{"_monsterinsights_skip_tracking":false,"_monsterinsights_sitenote_active":false,"_monsterinsights_sitenote_note":"","_monsterinsights_sitenote_category":0,"footnotes":""},"class_list":["post-50","page","type-page","status-publish","has-post-thumbnail","hentry"],"aioseo_notices":[],"_links":{"self":[{"href":"http:\/\/juandiego.ar\/diamonds\/wp-json\/wp\/v2\/pages\/50","targetHints":{"allow":["GET"]}}],"collection":[{"href":"http:\/\/juandiego.ar\/diamonds\/wp-json\/wp\/v2\/pages"}],"about":[{"href":"http:\/\/juandiego.ar\/diamonds\/wp-json\/wp\/v2\/types\/page"}],"author":[{"embeddable":true,"href":"http:\/\/juandiego.ar\/diamonds\/wp-json\/wp\/v2\/users\/2"}],"replies":[{"embeddable":true,"href":"http:\/\/juandiego.ar\/diamonds\/wp-json\/wp\/v2\/comments?post=50"}],"version-history":[{"count":6,"href":"http:\/\/juandiego.ar\/diamonds\/wp-json\/wp\/v2\/pages\/50\/revisions"}],"predecessor-version":[{"id":174,"href":"http:\/\/juandiego.ar\/diamonds\/wp-json\/wp\/v2\/pages\/50\/revisions\/174"}],"wp:featuredmedia":[{"embeddable":true,"href":"http:\/\/juandiego.ar\/diamonds\/wp-json\/wp\/v2\/media\/113"}],"wp:attachment":[{"href":"http:\/\/juandiego.ar\/diamonds\/wp-json\/wp\/v2\/media?parent=50"}],"curies":[{"name":"wp","href":"https:\/\/api.w.org\/{rel}","templated":true}]}}